{"id":1102,"date":"2020-01-07T09:21:03","date_gmt":"2020-01-07T09:21:03","guid":{"rendered":"https:\/\/stationenweg-bern.ch\/?page_id=1102"},"modified":"2025-03-22T10:03:29","modified_gmt":"2025-03-22T10:03:29","slug":"home","status":"publish","type":"page","link":"https:\/\/stationenweg-bern.ch\/fr\/","title":{"rendered":"Home"},"content":{"rendered":"<div id=\"cs-content\" class=\"cs-content\"><\/div>\n","protected":false},"excerpt":{"rendered":"<p>&nbsp;&nbsp;Parcours interactif sur l&rsquo;histoire anabaptiste \u00e0 BerneEssayez de vous transporter 500 ans en arri\u00e8re, au temps de la R\u00e9forme, de la division du christianisme et du renouveau de l&rsquo;Eglise dans diff\u00e9rentes directions.Une formidable transformation de &#8230; <\/p>\n<div><a href=\"https:\/\/stationenweg-bern.ch\/fr\/\" class=\"more-link\">Mehr&#8230;<\/a><\/div>\n","protected":false},"author":1,"featured_media":0,"parent":0,"menu_order":0,"comment_status":"closed","ping_status":"open","template":"template-blank-4.php","meta":{"footnotes":""},"class_list":["post-1102","page","type-page","status-publish","hentry","no-post-thumbnail"],"_links":{"self":[{"href":"https:\/\/stationenweg-bern.ch\/fr\/wp-json\/wp\/v2\/pages\/1102","targetHints":{"allow":["GET"]}}],"collection":[{"href":"https:\/\/stationenweg-bern.ch\/fr\/wp-json\/wp\/v2\/pages"}],"about":[{"href":"https:\/\/stationenweg-bern.ch\/fr\/wp-json\/wp\/v2\/types\/page"}],"author":[{"embeddable":true,"href":"https:\/\/stationenweg-bern.ch\/fr\/wp-json\/wp\/v2\/users\/1"}],"replies":[{"embeddable":true,"href":"https:\/\/stationenweg-bern.ch\/fr\/wp-json\/wp\/v2\/comments?post=1102"}],"version-history":[{"count":23,"href":"https:\/\/stationenweg-bern.ch\/fr\/wp-json\/wp\/v2\/pages\/1102\/revisions"}],"predecessor-version":[{"id":1271,"href":"https:\/\/stationenweg-bern.ch\/fr\/wp-json\/wp\/v2\/pages\/1102\/revisions\/1271"}],"wp:attachment":[{"href":"https:\/\/stationenweg-bern.ch\/fr\/wp-json\/wp\/v2\/media?parent=1102"}],"curies":[{"name":"wp","href":"https:\/\/api.w.org\/{rel}","templated":true}]}}