{"id":731,"date":"2018-08-01T08:02:28","date_gmt":"2018-08-01T08:02:28","guid":{"rendered":"https:\/\/stationenweg-bern.ch\/geschichte\/"},"modified":"2019-04-06T16:28:01","modified_gmt":"2019-04-06T16:28:01","slug":"histoire","status":"publish","type":"page","link":"https:\/\/stationenweg-bern.ch\/fr\/histoire\/","title":{"rendered":"L&rsquo;histoire"},"content":{"rendered":"<div id=\"cs-content\" class=\"cs-content\"><\/div>\n","protected":false},"excerpt":{"rendered":"<p>\u00abJacob Baltzli\u00bb \u2013Librement invent\u00e9, une ressemblance avec des \u00e9v\u00e9nements r\u00e9els serait pure co\u00efncidence. Ueli Baltzli et Katharina Gosteli se sont mari\u00e9s le 28 mai 1632 \u00e0 Luterbach dans la paroisse r\u00e9form\u00e9e de Vechigen. Ils n&rsquo;ont &#8230; <\/p>\n<div><a href=\"https:\/\/stationenweg-bern.ch\/fr\/histoire\/\" class=\"more-link\">Mehr&#8230;<\/a><\/div>\n","protected":false},"author":1,"featured_media":0,"parent":0,"menu_order":0,"comment_status":"closed","ping_status":"closed","template":"template-blank-4.php","meta":{"footnotes":""},"class_list":["post-731","page","type-page","status-publish","hentry","no-post-thumbnail"],"_links":{"self":[{"href":"https:\/\/stationenweg-bern.ch\/fr\/wp-json\/wp\/v2\/pages\/731","targetHints":{"allow":["GET"]}}],"collection":[{"href":"https:\/\/stationenweg-bern.ch\/fr\/wp-json\/wp\/v2\/pages"}],"about":[{"href":"https:\/\/stationenweg-bern.ch\/fr\/wp-json\/wp\/v2\/types\/page"}],"author":[{"embeddable":true,"href":"https:\/\/stationenweg-bern.ch\/fr\/wp-json\/wp\/v2\/users\/1"}],"replies":[{"embeddable":true,"href":"https:\/\/stationenweg-bern.ch\/fr\/wp-json\/wp\/v2\/comments?post=731"}],"version-history":[{"count":3,"href":"https:\/\/stationenweg-bern.ch\/fr\/wp-json\/wp\/v2\/pages\/731\/revisions"}],"predecessor-version":[{"id":735,"href":"https:\/\/stationenweg-bern.ch\/fr\/wp-json\/wp\/v2\/pages\/731\/revisions\/735"}],"wp:attachment":[{"href":"https:\/\/stationenweg-bern.ch\/fr\/wp-json\/wp\/v2\/media?parent=731"}],"curies":[{"name":"wp","href":"https:\/\/api.w.org\/{rel}","templated":true}]}}