{"id":783,"date":"2018-08-05T10:52:44","date_gmt":"2018-08-05T10:52:44","guid":{"rendered":"https:\/\/stationenweg-bern.ch\/histoire\/kirche-und-zivilgesellschaft\/"},"modified":"2019-04-07T09:38:07","modified_gmt":"2019-04-07T09:38:07","slug":"eglise-et-societe-civile","status":"publish","type":"page","link":"https:\/\/stationenweg-bern.ch\/fr\/histoire\/eglise-et-societe-civile\/","title":{"rendered":"\u00c9glise et soci\u00e9t\u00e9 civile"},"content":{"rendered":"<div id=\"cs-content\" class=\"cs-content\"><\/div>\n","protected":false},"excerpt":{"rendered":"","protected":false},"author":1,"featured_media":0,"parent":731,"menu_order":0,"comment_status":"closed","ping_status":"closed","template":"template-blank-4.php","meta":{"footnotes":""},"class_list":["post-783","page","type-page","status-publish","hentry","no-post-thumbnail"],"_links":{"self":[{"href":"https:\/\/stationenweg-bern.ch\/fr\/wp-json\/wp\/v2\/pages\/783","targetHints":{"allow":["GET"]}}],"collection":[{"href":"https:\/\/stationenweg-bern.ch\/fr\/wp-json\/wp\/v2\/pages"}],"about":[{"href":"https:\/\/stationenweg-bern.ch\/fr\/wp-json\/wp\/v2\/types\/page"}],"author":[{"embeddable":true,"href":"https:\/\/stationenweg-bern.ch\/fr\/wp-json\/wp\/v2\/users\/1"}],"replies":[{"embeddable":true,"href":"https:\/\/stationenweg-bern.ch\/fr\/wp-json\/wp\/v2\/comments?post=783"}],"version-history":[{"count":2,"href":"https:\/\/stationenweg-bern.ch\/fr\/wp-json\/wp\/v2\/pages\/783\/revisions"}],"predecessor-version":[{"id":785,"href":"https:\/\/stationenweg-bern.ch\/fr\/wp-json\/wp\/v2\/pages\/783\/revisions\/785"}],"up":[{"embeddable":true,"href":"https:\/\/stationenweg-bern.ch\/fr\/wp-json\/wp\/v2\/pages\/731"}],"wp:attachment":[{"href":"https:\/\/stationenweg-bern.ch\/fr\/wp-json\/wp\/v2\/media?parent=783"}],"curies":[{"name":"wp","href":"https:\/\/api.w.org\/{rel}","templated":true}]}}